{"id":3315,"date":"2023-07-05T08:49:14","date_gmt":"2023-07-05T08:49:14","guid":{"rendered":"https:\/\/sagardi.com\/basque-country-chefs-careers\/"},"modified":"2024-07-17T13:39:55","modified_gmt":"2024-07-17T13:39:55","slug":"uneix-te-a-lequip","status":"publish","type":"page","link":"https:\/\/sagardi.com\/ca\/uneix-te-a-lequip\/","title":{"rendered":"Basque Country Chefs - uneix-te a l'equip"},"content":{"rendered":"<section class=\"ffb-id-6s66ulst fg-section fg-el-has-bg fg-text-dark\"><span class=\"fg-bg\"><span data-fg-bg=\"{&quot;type&quot;:&quot;video&quot;,&quot;opacity&quot;:&quot;1&quot;,&quot;variant&quot;:&quot;youtube&quot;,&quot;url&quot;:&quot;https:\\\/\\\/www.youtube.com\\\/watch?v=5t4wA6oZ5VU&quot;,&quot;width&quot;:&quot;16&quot;,&quot;height&quot;:&quot;9&quot;,&quot;shield&quot;:&quot;on&quot;}\" class=\"fg-bg-layer fg-bg-type-video \" data-freshgrid=\"{&quot;type&quot;:&quot;video&quot;,&quot;opacity&quot;:&quot;1&quot;,&quot;variant&quot;:&quot;youtube&quot;,&quot;url&quot;:&quot;https:\\\/\\\/www.youtube.com\\\/watch?v=5t4wA6oZ5VU&quot;,&quot;width&quot;:&quot;16&quot;,&quot;height&quot;:&quot;9&quot;,&quot;shield&quot;:&quot;on&quot;}\"><\/span><span data-fg-bg=\"{&quot;type&quot;:&quot;color&quot;,&quot;opacity&quot;:1,&quot;color&quot;:&quot;rgba(0, 0, 0, 0.22)&quot;}\" class=\"fg-bg-layer fg-bg-type-color \" style=\"opacity: 1; background-color: rgba(0, 0, 0, 0.22);\"><\/span><\/span><div class=\"fg-container container-fluid fg-container-fluid fg-container-lvl--1 \"><div class=\"fg-row row    \" ><div class=\"ffb-id-6s66ulsu fg-col col-xs-12 col-md-12 fg-text-dark\"><div class=\"ffb-id-6s66ultu fg-container container-fluid fg-container-fluid fg-container-lvl--2  fg-text-dark\"><div class=\"ffb-id-6s66ulue fg-row row     fg-text-dark\"><div class=\"ffb-id-6s66ulum fg-col col-xs-12 col-md-6 fg-col-not-match fg-text-dark\"><h2 class=\"ffb-id-6s66uluq fg-heading text-left    fg-text-dark\"><\/p>\n<p>Carrera<\/p>\n<p><\/h2><p class=\"ffb-id-6s66ulur fg-paragraph text-left    fg-text-dark\">Obt\u00e9 m\u00e9s informaci\u00f3 sobre les oportunitats de carrera a Sagardi. Hi ha moltes oportunitats per a progressar i desenvolupar la teva carrera amb nosaltres, fins on vulguis arribar, tu poses els l\u00edmits. Sempre estem a la recerca de talent als nostres restaurants repartits en 5 pa\u00efsos i 8 ciutats, aix\u00ed que posa't en contacte, explica'ns una mica sobre tu, la teva experi\u00e8ncia i expectatives, i vine a treballar amb nosaltres.<\/p><\/div><\/div><div class=\"ffb-id-6u6m1ckm fg-row row     fg-text-dark\"><div class=\"ffb-id-6u6m1ckn fg-col col-xs-12 col-md-12 fg-col-not-match fg-text-dark\"><div class=\"ffb-id-6u6m1clg fg-row row     fg-text-dark\"><div class=\"ffb-id-6u6m1clq fg-col col-xs-12 col-md-4 fg-text-dark\"><div class=\"ffb-id-6u6m466g fg-video fg-text-dark\"><div class=\"embed-video-external fg-text-dark ffb-external-1\"><div class=\"embed-responsive\"><iframe loading=\"lazy\"\tclass=\"embed-responsive-item\" title=\"Convencio\u0301n Sagardi | Barcelona 2023\" width=\"1140\" height=\"641\" src=\"https:\/\/www.youtube.com\/embed\/EuyR3t5QKK0?feature=oembed\" frameborder=\"0\" allow=\"accelerometer; autoplay; clipboard-write; encrypted-media; gyroscope; picture-in-picture; web-share\" referrerpolicy=\"strict-origin-when-cross-origin\" allowfullscreen><\/iframe><\/div><\/div><\/div><\/div><div class=\"ffb-id-6u6m1clt fg-col col-xs-12 col-md-4 fg-text-dark\"><div class=\"ffb-id-6u6m1clv fg-video fg-text-dark\"><div class=\"embed-video-external fg-text-dark ffb-external-1\"><div class=\"embed-responsive\"><iframe loading=\"lazy\"\tclass=\"embed-responsive-item\" title=\"#8M Emakumeak, beti aurrera!!!\" width=\"1140\" height=\"641\" src=\"https:\/\/www.youtube.com\/embed\/Pdl3n8JLJaw?feature=oembed\" frameborder=\"0\" allow=\"accelerometer; autoplay; clipboard-write; encrypted-media; gyroscope; picture-in-picture; web-share\" referrerpolicy=\"strict-origin-when-cross-origin\" allowfullscreen><\/iframe><\/div><\/div><\/div><\/div><div class=\"ffb-id-6u6m1cm0 fg-col col-xs-12 col-md-4 fg-text-dark\"><div class=\"ffb-id-6u6m1cm2 fg-video fg-text-dark\"><div class=\"embed-video-external fg-text-dark ffb-external-1\"><div class=\"embed-responsive\"><iframe loading=\"lazy\"\tclass=\"embed-responsive-item\" title=\"BUSCAMOS NUEVO TALENTO \/\/ WE\u2019RE LOOKING FOR NEW TALENT\" width=\"1140\" height=\"641\" src=\"https:\/\/www.youtube.com\/embed\/G95nGJQDU2A?feature=oembed\" frameborder=\"0\" allow=\"accelerometer; autoplay; clipboard-write; encrypted-media; gyroscope; picture-in-picture; web-share\" referrerpolicy=\"strict-origin-when-cross-origin\" allowfullscreen><\/iframe><\/div><\/div><\/div><\/div><\/div><h2 class=\"ffb-id-6u6m1cm3 fg-heading text-left    fg-text-dark\"><\/p>\n<p><a href=\"https:\/\/ofertas.gruposagardi.com\/jobs\" target=\"_blank\" rel=\"noopener\">Veure ofertas &gt;<\/a><\/p>\n<p><\/h2><\/div><\/div><\/div><\/div><\/div><\/div><\/section><style>@media (min-width:992px) { .ffb-id-6s66ulst{ padding-bottom: 15%;}}.ffb-id-6s66ulsu{ text-align: center !important;}.ffb-id-6s66ulsu ,.ffb-id-6s66ulsu:before,.ffb-id-6s66ulsu:after,.ffb-id-6s66ulsu:hover,.ffb-id-6s66ulsu:focus,.ffb-id-6s66ulsu *,.ffb-id-6s66ulsu *:before,.ffb-id-6s66ulsu *:after,.ffb-id-6s66ulsu *:hover,.ffb-id-6s66ulsu *:focus{ text-align: center !important;}.ffb-id-6s66ulsu .ffb-id-6u6m1ckn{ text-align: left !important;}.ffb-id-6s66ulsu .ffb-id-6u6m1ckn ,.ffb-id-6s66ulsu .ffb-id-6u6m1ckn:before,.ffb-id-6s66ulsu .ffb-id-6u6m1ckn:after,.ffb-id-6s66ulsu .ffb-id-6u6m1ckn:hover,.ffb-id-6s66ulsu .ffb-id-6u6m1ckn:focus,.ffb-id-6s66ulsu .ffb-id-6u6m1ckn *,.ffb-id-6s66ulsu .ffb-id-6u6m1ckn *:before,.ffb-id-6s66ulsu .ffb-id-6u6m1ckn *:after,.ffb-id-6s66ulsu .ffb-id-6u6m1ckn *:hover,.ffb-id-6s66ulsu .ffb-id-6u6m1ckn *:focus{ text-align: left !important;}.ffb-id-6u6m1cm3{ padding-top: 5%;padding-bottom: 10%;}@media (min-width:992px) { .ffb-id-6u6m1cm3{ padding-top: 0px;padding-bottom: 0px;}}.ffb-id-6u6m1cm3 ,.ffb-id-6u6m1cm3:before,.ffb-id-6u6m1cm3:after,.ffb-id-6u6m1cm3 *,.ffb-id-6u6m1cm3 *:before,.ffb-id-6u6m1cm3 *:after{ color: #ffffff !important;}.ffb-id-6u6m1cm3:hover,.ffb-id-6u6m1cm3:hover:before,.ffb-id-6u6m1cm3:hover:after,.ffb-id-6u6m1cm3:hover *,.ffb-id-6u6m1cm3:hover *:before,.ffb-id-6u6m1cm3:hover *:after{ color: rgba(255, 255, 255, 0.67) !important;}.ffb-id-6u6m1cm3:hover,.ffb-id-6u6m1cm3:hover:before:hover,.ffb-id-6u6m1cm3:hover:after:hover,.ffb-id-6u6m1cm3:hover *:before:hover,.ffb-id-6u6m1cm3:hover *:after:hover{ color: rgba(255, 255, 255, 0.67) !important;}.ffb-id-6u6m1cm3{ font-family: custom-font-family-3, Arial, sans-serif !important;text-decoration: none !important;}.ffb-id-6u6m1cm3:before,.ffb-id-6u6m1cm3:after,.ffb-id-6u6m1cm3:hover,.ffb-id-6u6m1cm3:focus,.ffb-id-6u6m1cm3 *,.ffb-id-6u6m1cm3 *:before,.ffb-id-6u6m1cm3 *:after,.ffb-id-6u6m1cm3 *:hover,.ffb-id-6u6m1cm3 *:focus{ font-family: custom-font-family-3, Arial, sans-serif !important;text-decoration: none !important;}.ffb-id-6u6m1cm3{ font-size: 22px !important;font-weight: 900 !important;}.ffb-id-6u6m1cm3 ,.ffb-id-6u6m1cm3:before,.ffb-id-6u6m1cm3:after,.ffb-id-6u6m1cm3:hover,.ffb-id-6u6m1cm3:focus,.ffb-id-6u6m1cm3 *,.ffb-id-6u6m1cm3 *:before,.ffb-id-6u6m1cm3 *:after,.ffb-id-6u6m1cm3 *:hover,.ffb-id-6u6m1cm3 *:focus{ font-size: 22px !important;font-weight: 900 !important;}@media (min-width:992px) { .ffb-id-6u6m1cm3{ font-size: 22px !important;font-weight: 900 !important;}}@media (min-width:992px) { .ffb-id-6u6m1cm3 ,.ffb-id-6u6m1cm3:before,.ffb-id-6u6m1cm3:after,.ffb-id-6u6m1cm3:hover,.ffb-id-6u6m1cm3:focus,.ffb-id-6u6m1cm3 *,.ffb-id-6u6m1cm3 *:before,.ffb-id-6u6m1cm3 *:after,.ffb-id-6u6m1cm3 *:hover,.ffb-id-6u6m1cm3 *:focus{ font-size: 22px !important;font-weight: 900 !important;}}.ffb-id-6u6m1ckm .ffb-id-6u6m1clg{ margin-left:-2.5px;margin-right:-2.5px;}.ffb-id-6u6m1ckm .ffb-id-6u6m1clg  > .fg-col{ padding-left:2.5px;padding-right:2.5px;}@media (min-width:992px) { .ffb-id-6u6m1ckm .ffb-id-6u6m1clg{ padding-bottom: 3%;}}.ffb-id-6s66ulsu .ffb-id-6u6m1ckn .ffb-id-6u6m1cm0{ padding-bottom: 5%;}@media (min-width:992px) { .ffb-id-6s66ulsu .ffb-id-6u6m1ckn .ffb-id-6u6m1cm0{ padding-bottom: 0px;}}.ffb-id-6u6m1cm2 .ffb-external-1 .embed-responsive{ padding-bottom:56.25%;}.ffb-id-6s66ulsu .ffb-id-6u6m1ckn .ffb-id-6u6m1clt{ padding-bottom: 5%;}@media (min-width:992px) { .ffb-id-6s66ulsu .ffb-id-6u6m1ckn .ffb-id-6u6m1clt{ padding-bottom: 0px;}}.ffb-id-6u6m1clv .ffb-external-1 .embed-responsive{ padding-bottom:56.25%;}.ffb-id-6s66ulsu .ffb-id-6u6m1ckn .ffb-id-6u6m1clq{ padding-bottom: 5%;}@media (min-width:992px) { .ffb-id-6s66ulsu .ffb-id-6u6m1ckn .ffb-id-6u6m1clq{ padding-bottom: 0px;}}.ffb-id-6u6m466g .ffb-external-1 .embed-responsive{ padding-bottom:56.25%;}.ffb-id-6s66ulsu .ffb-id-6s66ulum{ text-align: left !important;}.ffb-id-6s66ulsu .ffb-id-6s66ulum ,.ffb-id-6s66ulsu .ffb-id-6s66ulum:before,.ffb-id-6s66ulsu .ffb-id-6s66ulum:after,.ffb-id-6s66ulsu .ffb-id-6s66ulum:hover,.ffb-id-6s66ulsu .ffb-id-6s66ulum:focus,.ffb-id-6s66ulsu .ffb-id-6s66ulum *,.ffb-id-6s66ulsu .ffb-id-6s66ulum *:before,.ffb-id-6s66ulsu .ffb-id-6s66ulum *:after,.ffb-id-6s66ulsu .ffb-id-6s66ulum *:hover,.ffb-id-6s66ulsu .ffb-id-6s66ulum *:focus{ text-align: left !important;}.ffb-id-6s66ulur{ padding-bottom: 10%;}@media (min-width:992px) { .ffb-id-6s66ulur{ padding-bottom: 0px;}}.ffb-id-6s66ulur ,.ffb-id-6s66ulur:before,.ffb-id-6s66ulur:after,.ffb-id-6s66ulur *,.ffb-id-6s66ulur *:before,.ffb-id-6s66ulur *:after{ color: #ffffff !important;}.ffb-id-6s66ulur{ font-family: custom-font-family-2, Arial, sans-serif !important;}.ffb-id-6s66ulur:before,.ffb-id-6s66ulur:after,.ffb-id-6s66ulur:hover,.ffb-id-6s66ulur:focus,.ffb-id-6s66ulur *,.ffb-id-6s66ulur *:before,.ffb-id-6s66ulur *:after,.ffb-id-6s66ulur *:hover,.ffb-id-6s66ulur *:focus{ font-family: custom-font-family-2, Arial, sans-serif !important;}.ffb-id-6s66ulur{ text-align: left !important;}.ffb-id-6s66ulur ,.ffb-id-6s66ulur:before,.ffb-id-6s66ulur:after,.ffb-id-6s66ulur:hover,.ffb-id-6s66ulur:focus,.ffb-id-6s66ulur *,.ffb-id-6s66ulur *:before,.ffb-id-6s66ulur *:after,.ffb-id-6s66ulur *:hover,.ffb-id-6s66ulur *:focus{ text-align: left !important;}@media (min-width:768px) { .ffb-id-6s66ulur{ font-size: 22px !important;}}@media (min-width:768px) { .ffb-id-6s66ulur ,.ffb-id-6s66ulur:before,.ffb-id-6s66ulur:after,.ffb-id-6s66ulur:hover,.ffb-id-6s66ulur:focus,.ffb-id-6s66ulur *,.ffb-id-6s66ulur *:before,.ffb-id-6s66ulur *:after,.ffb-id-6s66ulur *:hover,.ffb-id-6s66ulur *:focus{ font-size: 22px !important;}}@media (min-width:992px) { .ffb-id-6s66ulur{ font-size: 16px !important;}}@media (min-width:992px) { .ffb-id-6s66ulur ,.ffb-id-6s66ulur:before,.ffb-id-6s66ulur:after,.ffb-id-6s66ulur:hover,.ffb-id-6s66ulur:focus,.ffb-id-6s66ulur *,.ffb-id-6s66ulur *:before,.ffb-id-6s66ulur *:after,.ffb-id-6s66ulur *:hover,.ffb-id-6s66ulur *:focus{ font-size: 16px !important;}}.ffb-id-6s66uluq{ padding-top: 25%;}@media (min-width:992px) { .ffb-id-6s66uluq{ padding-top: 15%;}}.ffb-id-6s66uluq ,.ffb-id-6s66uluq:before,.ffb-id-6s66uluq:after,.ffb-id-6s66uluq *,.ffb-id-6s66uluq *:before,.ffb-id-6s66uluq *:after{ color: #e4ecf8 !important;}.ffb-id-6s66uluq{ font-family: custom-font-family-3, Arial, sans-serif !important;}.ffb-id-6s66uluq:before,.ffb-id-6s66uluq:after,.ffb-id-6s66uluq:hover,.ffb-id-6s66uluq:focus,.ffb-id-6s66uluq *,.ffb-id-6s66uluq *:before,.ffb-id-6s66uluq *:after,.ffb-id-6s66uluq *:hover,.ffb-id-6s66uluq *:focus{ font-family: custom-font-family-3, Arial, sans-serif !important;}.ffb-id-6s66uluq{ font-size: 55px !important;line-height: .8 !important;font-weight: 900 !important;text-align: left !important;}.ffb-id-6s66uluq ,.ffb-id-6s66uluq:before,.ffb-id-6s66uluq:after,.ffb-id-6s66uluq:hover,.ffb-id-6s66uluq:focus,.ffb-id-6s66uluq *,.ffb-id-6s66uluq *:before,.ffb-id-6s66uluq *:after,.ffb-id-6s66uluq *:hover,.ffb-id-6s66uluq *:focus{ font-size: 55px !important;line-height: .8 !important;font-weight: 900 !important;text-align: left !important;}@media (min-width:768px) { .ffb-id-6s66uluq{ font-size: 66px !important;}}@media (min-width:768px) { .ffb-id-6s66uluq ,.ffb-id-6s66uluq:before,.ffb-id-6s66uluq:after,.ffb-id-6s66uluq:hover,.ffb-id-6s66uluq:focus,.ffb-id-6s66uluq *,.ffb-id-6s66uluq *:before,.ffb-id-6s66uluq *:after,.ffb-id-6s66uluq *:hover,.ffb-id-6s66uluq *:focus{ font-size: 66px !important;}}@media (min-width:992px) { .ffb-id-6s66uluq{ font-size: 92px !important;line-height: 1 !important;font-weight: 900 !important;}}@media (min-width:992px) { .ffb-id-6s66uluq ,.ffb-id-6s66uluq:before,.ffb-id-6s66uluq:after,.ffb-id-6s66uluq:hover,.ffb-id-6s66uluq:focus,.ffb-id-6s66uluq *,.ffb-id-6s66uluq *:before,.ffb-id-6s66uluq *:after,.ffb-id-6s66uluq *:hover,.ffb-id-6s66uluq *:focus{ font-size: 92px !important;line-height: 1 !important;font-weight: 900 !important;}}@media (min-width:1200px) { .ffb-id-6s66uluq{ font-size: 98px !important;}}@media (min-width:1200px) { .ffb-id-6s66uluq ,.ffb-id-6s66uluq:before,.ffb-id-6s66uluq:after,.ffb-id-6s66uluq:hover,.ffb-id-6s66uluq:focus,.ffb-id-6s66uluq *,.ffb-id-6s66uluq *:before,.ffb-id-6s66uluq *:after,.ffb-id-6s66uluq *:hover,.ffb-id-6s66uluq *:focus{ font-size: 98px !important;}}<\/style><script type=\"text\/javascript\"><\/script>\n","protected":false},"excerpt":{"rendered":"","protected":false},"author":1,"featured_media":0,"parent":0,"menu_order":0,"comment_status":"closed","ping_status":"closed","template":"","meta":{"h5ap_radio_sources":[],"footnotes":""},"class_list":["post-3315","page","type-page","status-publish","hentry","post-wrapper"],"yoast_head":"<!-- This site is optimized with the Yoast SEO plugin v27.4 - https:\/\/yoast.com\/product\/yoast-seo-wordpress\/ -->\n<title>Basque Country Chefs - uneix-te a l&#039;equip - Sagardi<\/title>\n<meta name=\"robots\" content=\"index, follow, max-snippet:-1, max-image-preview:large, max-video-preview:-1\" \/>\n<link rel=\"canonical\" href=\"https:\/\/sagardi.com\/ca\/uneix-te-a-lequip\/\" \/>\n<meta property=\"og:locale\" content=\"ca_ES\" \/>\n<meta property=\"og:type\" content=\"article\" \/>\n<meta property=\"og:title\" content=\"Basque Country Chefs - uneix-te a l&#039;equip - Sagardi\" \/>\n<meta property=\"og:url\" content=\"https:\/\/sagardi.com\/ca\/uneix-te-a-lequip\/\" \/>\n<meta property=\"og:site_name\" content=\"Sagardi\" \/>\n<meta property=\"article:modified_time\" content=\"2024-07-17T13:39:55+00:00\" \/>\n<meta property=\"og:image\" content=\"https:\/\/sagardi.com\/wp-content\/uploads\/2023\/07\/careers.jpg\" \/>\n\t<meta property=\"og:image:width\" content=\"1920\" \/>\n\t<meta property=\"og:image:height\" content=\"1080\" \/>\n\t<meta property=\"og:image:type\" content=\"image\/jpeg\" \/>\n<meta name=\"twitter:card\" content=\"summary_large_image\" \/>\n<meta name=\"twitter:site\" content=\"@gruposagardi\" \/>\n<meta name=\"twitter:label1\" content=\"Temps estimat de lectura\" \/>\n\t<meta name=\"twitter:data1\" content=\"1 minut\" \/>\n<script type=\"application\/ld+json\" class=\"yoast-schema-graph\">{\"@context\":\"https:\\\/\\\/schema.org\",\"@graph\":[{\"@type\":\"WebPage\",\"@id\":\"https:\\\/\\\/sagardi.com\\\/ca\\\/uneix-te-a-lequip\\\/\",\"url\":\"https:\\\/\\\/sagardi.com\\\/ca\\\/uneix-te-a-lequip\\\/\",\"name\":\"Basque Country Chefs - uneix-te a l'equip - Sagardi\",\"isPartOf\":{\"@id\":\"https:\\\/\\\/sagardi.com\\\/es\\\/#website\"},\"datePublished\":\"2023-07-05T08:49:14+00:00\",\"dateModified\":\"2024-07-17T13:39:55+00:00\",\"breadcrumb\":{\"@id\":\"https:\\\/\\\/sagardi.com\\\/ca\\\/uneix-te-a-lequip\\\/#breadcrumb\"},\"inLanguage\":\"ca\",\"potentialAction\":[{\"@type\":\"ReadAction\",\"target\":[\"https:\\\/\\\/sagardi.com\\\/ca\\\/uneix-te-a-lequip\\\/\"]}]},{\"@type\":\"BreadcrumbList\",\"@id\":\"https:\\\/\\\/sagardi.com\\\/ca\\\/uneix-te-a-lequip\\\/#breadcrumb\",\"itemListElement\":[{\"@type\":\"ListItem\",\"position\":1,\"name\":\"Home\",\"item\":\"https:\\\/\\\/sagardi.com\\\/ca\\\/\"},{\"@type\":\"ListItem\",\"position\":2,\"name\":\"Basque Country Chefs - uneix-te a l'equip\"}]},{\"@type\":\"WebSite\",\"@id\":\"https:\\\/\\\/sagardi.com\\\/es\\\/#website\",\"url\":\"https:\\\/\\\/sagardi.com\\\/es\\\/\",\"name\":\"Sagardi Basque Country Chefs\",\"description\":\"Basque Country Chefs\",\"publisher\":{\"@id\":\"https:\\\/\\\/sagardi.com\\\/es\\\/#organization\"},\"potentialAction\":[{\"@type\":\"SearchAction\",\"target\":{\"@type\":\"EntryPoint\",\"urlTemplate\":\"https:\\\/\\\/sagardi.com\\\/es\\\/?s={search_term_string}\"},\"query-input\":{\"@type\":\"PropertyValueSpecification\",\"valueRequired\":true,\"valueName\":\"search_term_string\"}}],\"inLanguage\":\"ca\"},{\"@type\":\"Organization\",\"@id\":\"https:\\\/\\\/sagardi.com\\\/es\\\/#organization\",\"name\":\"Sagardi Basque Country Chefs\",\"url\":\"https:\\\/\\\/sagardi.com\\\/es\\\/\",\"logo\":{\"@type\":\"ImageObject\",\"inLanguage\":\"ca\",\"@id\":\"https:\\\/\\\/sagardi.com\\\/es\\\/#\\\/schema\\\/logo\\\/image\\\/\",\"url\":\"https:\\\/\\\/sagardi.com\\\/wp-content\\\/uploads\\\/2023\\\/07\\\/sagardi-bcf.png\",\"contentUrl\":\"https:\\\/\\\/sagardi.com\\\/wp-content\\\/uploads\\\/2023\\\/07\\\/sagardi-bcf.png\",\"width\":250,\"height\":75,\"caption\":\"Sagardi Basque Country Chefs\"},\"image\":{\"@id\":\"https:\\\/\\\/sagardi.com\\\/es\\\/#\\\/schema\\\/logo\\\/image\\\/\"},\"sameAs\":[\"https:\\\/\\\/x.com\\\/gruposagardi\",\"https:\\\/\\\/www.instagram.com\\\/sagardigroup\\\/?hl=es\",\"https:\\\/\\\/www.youtube.com\\\/@grupsagardi\"]}]}<\/script>\n<!-- \/ Yoast SEO plugin. -->","yoast_head_json":{"title":"Basque Country Chefs - uneix-te a l'equip - Sagardi","robots":{"index":"index","follow":"follow","max-snippet":"max-snippet:-1","max-image-preview":"max-image-preview:large","max-video-preview":"max-video-preview:-1"},"canonical":"https:\/\/sagardi.com\/ca\/uneix-te-a-lequip\/","og_locale":"ca_ES","og_type":"article","og_title":"Basque Country Chefs - uneix-te a l'equip - Sagardi","og_url":"https:\/\/sagardi.com\/ca\/uneix-te-a-lequip\/","og_site_name":"Sagardi","article_modified_time":"2024-07-17T13:39:55+00:00","og_image":[{"width":1920,"height":1080,"url":"https:\/\/sagardi.com\/wp-content\/uploads\/2023\/07\/careers.jpg","type":"image\/jpeg"}],"twitter_card":"summary_large_image","twitter_site":"@gruposagardi","twitter_misc":{"Temps estimat de lectura":"1 minut"},"schema":{"@context":"https:\/\/schema.org","@graph":[{"@type":"WebPage","@id":"https:\/\/sagardi.com\/ca\/uneix-te-a-lequip\/","url":"https:\/\/sagardi.com\/ca\/uneix-te-a-lequip\/","name":"Basque Country Chefs - uneix-te a l'equip - Sagardi","isPartOf":{"@id":"https:\/\/sagardi.com\/es\/#website"},"datePublished":"2023-07-05T08:49:14+00:00","dateModified":"2024-07-17T13:39:55+00:00","breadcrumb":{"@id":"https:\/\/sagardi.com\/ca\/uneix-te-a-lequip\/#breadcrumb"},"inLanguage":"ca","potentialAction":[{"@type":"ReadAction","target":["https:\/\/sagardi.com\/ca\/uneix-te-a-lequip\/"]}]},{"@type":"BreadcrumbList","@id":"https:\/\/sagardi.com\/ca\/uneix-te-a-lequip\/#breadcrumb","itemListElement":[{"@type":"ListItem","position":1,"name":"Home","item":"https:\/\/sagardi.com\/ca\/"},{"@type":"ListItem","position":2,"name":"Basque Country Chefs - uneix-te a l'equip"}]},{"@type":"WebSite","@id":"https:\/\/sagardi.com\/es\/#website","url":"https:\/\/sagardi.com\/es\/","name":"Sagardi Basque Country Chefs","description":"Basque Country Chefs","publisher":{"@id":"https:\/\/sagardi.com\/es\/#organization"},"potentialAction":[{"@type":"SearchAction","target":{"@type":"EntryPoint","urlTemplate":"https:\/\/sagardi.com\/es\/?s={search_term_string}"},"query-input":{"@type":"PropertyValueSpecification","valueRequired":true,"valueName":"search_term_string"}}],"inLanguage":"ca"},{"@type":"Organization","@id":"https:\/\/sagardi.com\/es\/#organization","name":"Sagardi Basque Country Chefs","url":"https:\/\/sagardi.com\/es\/","logo":{"@type":"ImageObject","inLanguage":"ca","@id":"https:\/\/sagardi.com\/es\/#\/schema\/logo\/image\/","url":"https:\/\/sagardi.com\/wp-content\/uploads\/2023\/07\/sagardi-bcf.png","contentUrl":"https:\/\/sagardi.com\/wp-content\/uploads\/2023\/07\/sagardi-bcf.png","width":250,"height":75,"caption":"Sagardi Basque Country Chefs"},"image":{"@id":"https:\/\/sagardi.com\/es\/#\/schema\/logo\/image\/"},"sameAs":["https:\/\/x.com\/gruposagardi","https:\/\/www.instagram.com\/sagardigroup\/?hl=es","https:\/\/www.youtube.com\/@grupsagardi"]}]}},"_links":{"self":[{"href":"https:\/\/sagardi.com\/ca\/wp-json\/wp\/v2\/pages\/3315","targetHints":{"allow":["GET"]}}],"collection":[{"href":"https:\/\/sagardi.com\/ca\/wp-json\/wp\/v2\/pages"}],"about":[{"href":"https:\/\/sagardi.com\/ca\/wp-json\/wp\/v2\/types\/page"}],"author":[{"embeddable":true,"href":"https:\/\/sagardi.com\/ca\/wp-json\/wp\/v2\/users\/1"}],"replies":[{"embeddable":true,"href":"https:\/\/sagardi.com\/ca\/wp-json\/wp\/v2\/comments?post=3315"}],"version-history":[{"count":9,"href":"https:\/\/sagardi.com\/ca\/wp-json\/wp\/v2\/pages\/3315\/revisions"}],"predecessor-version":[{"id":3962,"href":"https:\/\/sagardi.com\/ca\/wp-json\/wp\/v2\/pages\/3315\/revisions\/3962"}],"wp:attachment":[{"href":"https:\/\/sagardi.com\/ca\/wp-json\/wp\/v2\/media?parent=3315"}],"curies":[{"name":"wp","href":"https:\/\/api.w.org\/{rel}","templated":true}]}}